{"id":12,"date":"2026-05-01T04:57:40","date_gmt":"2026-05-01T04:57:40","guid":{"rendered":"http:\/\/wifigiadinh.com\/?page_id=12"},"modified":"2026-05-03T19:04:57","modified_gmt":"2026-05-03T19:04:57","slug":"lien-he","status":"publish","type":"page","link":"https:\/\/wifigiadinh.com\/index.php\/lien-he\/","title":{"rendered":"Li\u00ean H\u1ec7"},"content":{"rendered":"\n\t<section class=\"section\" id=\"section_465648694\">\n\t\t<div class=\"section-bg fill\" >\n\t\t\t\t\t\t\t\t\t\n\t\t\t\n\n\t\t<\/div>\n\n\t\t\n\n\t\t<div class=\"section-content relative\">\n\t\t\t\n  <div id=\"page-header-1358767759\" class=\"page-header-wrapper\">\n  <div class=\"page-title dark featured-title\">\n\n        <div class=\"page-title-bg\">\n      <div class=\"title-bg fill bg-fill\"\n        data-parallax-container=\".page-title\"\n        data-parallax-background\n        data-parallax=\"-\">\n      <\/div>\n      <div class=\"title-overlay fill\"><\/div>\n    <\/div>\n    \n    <div class=\"page-title-inner container align-center flex-row medium-flex-wrap\" >\n              <div class=\"title-wrapper flex-col text-left medium-text-center\">\n          <h1 class=\"entry-title mb-0\">\n            Li\u00ean H\u1ec7          <\/h1>\n        <\/div>\n                    <div class=\"title-content flex-col flex-right text-right medium-text-center\">\n        <div class=\"title-breadcrumbs pb-half pt-half\"><nav class=\"woocommerce-breadcrumb breadcrumbs uppercase\" aria-label=\"Breadcrumb\">Trang ch\u1ee7<\/nav><\/div>      <\/div>\n    <\/div>\n\n     \n<style>\n#page-header-1358767759 .title-bg {\n  background-image: url(https:\/\/wifigiadinh.com\/wp-content\/uploads\/2026\/05\/banner-body.jpg);\n}\n#page-header-1358767759 .title-overlay {\n  background-color: rgba(31, 126, 208, 0.913);\n}\n<\/style>\n  <\/div>\n    <\/div>\n  \n\t<div id=\"gap-125218761\" class=\"gap-element clearfix\" style=\"display:block; height:auto;\">\n\t\t\n<style>\n#gap-125218761 {\n  padding-top: 30px;\n}\n<\/style>\n\t<\/div>\n\t\n<div class=\"row\"  id=\"row-405974211\">\n\n\t<div id=\"col-350968135\" class=\"col medium-6 small-12 large-6\"  >\n\t\t\t\t<div class=\"col-inner\"  >\n\t\t\t\n\t\t\t\n<p>VNPT H\u1ed3 Ch\u00ed Minh<br \/>\n\ud83d\udccd 125 Hai B\u00e0 Tr\u01b0ng, TP.HCM<br \/>\n\ud83d\udccd 182 Nguy\u1ec5n V\u0103n Tr\u1ed7i, Ph\u00fa Nhu\u1eadn<\/p>\n<p>\ud83d\udcde 0941.92.8777<br \/>\n\ud83d\udcac Chat Zalo ngay<br \/>\n\ud83d\udce7 longnh.hcm@vnpt.vn<\/p>\n\t\t<\/div>\n\t\t\t\t\t<\/div>\n\n\t\n\n\t<div id=\"col-1988915211\" class=\"col medium-6 small-12 large-6\"  >\n\t\t\t\t<div class=\"col-inner\"  >\n\t\t\t\n\t\t\t\n<h3>\ud83c\udf81 L\u1eafp wifi t\u1eb7ng modem<br \/>\u26a1 K\u00edch ho\u1ea1t trong 24h<br \/>\ud83d\udd25 \u01afu \u0111\u00e3i kh\u00e1ch m\u1edbi<\/h3>\n\t\t<\/div>\n\t\t\t\t\t<\/div>\n\n\t\n<\/div>\n\t\t<\/div>\n\n\t\t\n<style>\n#section_465648694 {\n  padding-top: 0px;\n  padding-bottom: 0px;\n}\n<\/style>\n\t<\/section>\n\t\n","protected":false},"excerpt":{"rendered":"","protected":false},"author":1,"featured_media":0,"parent":0,"menu_order":0,"comment_status":"closed","ping_status":"closed","template":"page-blank.php","meta":{"footnotes":""},"class_list":["post-12","page","type-page","status-publish","hentry"],"_links":{"self":[{"href":"https:\/\/wifigiadinh.com\/index.php\/wp-json\/wp\/v2\/pages\/12","targetHints":{"allow":["GET"]}}],"collection":[{"href":"https:\/\/wifigiadinh.com\/index.php\/wp-json\/wp\/v2\/pages"}],"about":[{"href":"https:\/\/wifigiadinh.com\/index.php\/wp-json\/wp\/v2\/types\/page"}],"author":[{"embeddable":true,"href":"https:\/\/wifigiadinh.com\/index.php\/wp-json\/wp\/v2\/users\/1"}],"replies":[{"embeddable":true,"href":"https:\/\/wifigiadinh.com\/index.php\/wp-json\/wp\/v2\/comments?post=12"}],"version-history":[{"count":5,"href":"https:\/\/wifigiadinh.com\/index.php\/wp-json\/wp\/v2\/pages\/12\/revisions"}],"predecessor-version":[{"id":265,"href":"https:\/\/wifigiadinh.com\/index.php\/wp-json\/wp\/v2\/pages\/12\/revisions\/265"}],"wp:attachment":[{"href":"https:\/\/wifigiadinh.com\/index.php\/wp-json\/wp\/v2\/media?parent=12"}],"curies":[{"name":"wp","href":"https:\/\/api.w.org\/{rel}","templated":true}]}}