{"id":126,"date":"2026-05-03T14:32:56","date_gmt":"2026-05-03T14:32:56","guid":{"rendered":"https:\/\/wifigiadinh.com\/?page_id=126"},"modified":"2026-05-03T14:36:42","modified_gmt":"2026-05-03T14:36:42","slug":"hoa-don-dien-tu-vnpt-invoice","status":"publish","type":"page","link":"https:\/\/wifigiadinh.com\/index.php\/hoa-don-dien-tu-vnpt-invoice\/","title":{"rendered":"Ho\u00e1 \u0111\u01a1n \u0111i\u1ec7n t\u1eed VNPT invoice"},"content":{"rendered":"\t<div class=\"img has-hover x md-x lg-x y md-y lg-y\" id=\"image_1342540614\">\n\t\t\t\t\t\t\t\t<div class=\"img-inner dark\" >\n\t\t\t<img loading=\"lazy\" decoding=\"async\" width=\"1020\" height=\"346\" src=\"https:\/\/wifigiadinh.com\/wp-content\/uploads\/2026\/05\/hoa-don-dien-tu-vnpt-1.jpg-1024x347.webp\" class=\"attachment-large size-large\" alt=\"\" srcset=\"https:\/\/wifigiadinh.com\/wp-content\/uploads\/2026\/05\/hoa-don-dien-tu-vnpt-1.jpg-1024x347.webp 1024w, https:\/\/wifigiadinh.com\/wp-content\/uploads\/2026\/05\/hoa-don-dien-tu-vnpt-1.jpg-300x102.webp 300w, https:\/\/wifigiadinh.com\/wp-content\/uploads\/2026\/05\/hoa-don-dien-tu-vnpt-1.jpg-600x203.webp 600w, https:\/\/wifigiadinh.com\/wp-content\/uploads\/2026\/05\/hoa-don-dien-tu-vnpt-1.jpg-768x260.webp 768w, https:\/\/wifigiadinh.com\/wp-content\/uploads\/2026\/05\/hoa-don-dien-tu-vnpt-1.jpg-1536x520.webp 1536w, https:\/\/wifigiadinh.com\/wp-content\/uploads\/2026\/05\/hoa-don-dien-tu-vnpt-1.jpg.webp 1920w\" sizes=\"auto, (max-width: 1020px) 100vw, 1020px\" \/>\t\t\t\t\t\t\n\t\t\t\t\t<\/div>\n\t\t\t\t\t\t\t\t\n<style>\n#image_1342540614 {\n  width: 100%;\n}\n<\/style>\n\t<\/div>\n\t\n\n\t<section class=\"section\" id=\"section_918661196\">\n\t\t<div class=\"section-bg fill\" >\n\t\t\t\t\t\t\t\t\t\n\t\t\t\n\n\t\t<\/div>\n\n\t\t\n\n\t\t<div class=\"section-content relative\">\n\t\t\t\n<div class=\"row\"  id=\"row-827488764\">\n\n\t<div id=\"col-1348734934\" class=\"col medium-6 small-12 large-6\"  >\n\t\t\t\t<div class=\"col-inner\"  >\n\t\t\t\n\t\t\t\n\t<div class=\"img has-hover x md-x lg-x y md-y lg-y\" id=\"image_937037578\">\n\t\t\t\t\t\t\t\t<div class=\"img-inner dark\" >\n\t\t\t<img loading=\"lazy\" decoding=\"async\" width=\"850\" height=\"680\" src=\"https:\/\/wifigiadinh.com\/wp-content\/uploads\/2026\/05\/xuat-hoa-don-dien-tu-vnpt.jpg\" class=\"attachment-large size-large\" alt=\"\" srcset=\"https:\/\/wifigiadinh.com\/wp-content\/uploads\/2026\/05\/xuat-hoa-don-dien-tu-vnpt.jpg 850w, https:\/\/wifigiadinh.com\/wp-content\/uploads\/2026\/05\/xuat-hoa-don-dien-tu-vnpt-300x240.jpg 300w, https:\/\/wifigiadinh.com\/wp-content\/uploads\/2026\/05\/xuat-hoa-don-dien-tu-vnpt-600x480.jpg 600w, https:\/\/wifigiadinh.com\/wp-content\/uploads\/2026\/05\/xuat-hoa-don-dien-tu-vnpt-768x614.jpg 768w\" sizes=\"auto, (max-width: 850px) 100vw, 850px\" \/>\t\t\t\t\t\t\n\t\t\t\t\t<\/div>\n\t\t\t\t\t\t\t\t\n<style>\n#image_937037578 {\n  width: 100%;\n}\n<\/style>\n\t<\/div>\n\t\n\t\t<\/div>\n\t\t\t\t\t<\/div>\n\n\t\n\n\t<div id=\"col-2141680578\" class=\"col medium-6 small-12 large-6\"  >\n\t\t\t\t<div class=\"col-inner\"  >\n\t\t\t\n\t\t\t\n<h3>H\u00f3a \u0111\u01a1n \u0111i\u1ec7n t\u1eed VNPT (VNPT INVOICE)<\/h3>\n<p>L\u00e0 s\u1ea3n ph\u1ea9m c\u1ee7a T\u1eadp \u0111o\u00e0n b\u01b0u ch\u00ednh vi\u1ec5n th\u00f4ng Vi\u1ec7t Nam (VNPT) \u0111\u00e3 \u0111\u01b0\u1ee3c ch\u00ednh ph\u1ee7 c\u1ea5p ph\u00e9p s\u1eed d\u1ee5ng t\u1eeb n\u0103m 2009. L\u00e0 \u0111\u01a1n v\u1ecb h\u00e0ng \u0111\u1ea7u cung c\u1ea5p d\u1ecbch v\u1ee5 s\u1ed1 t\u1ea1i Vi\u1ec7t Nam.<\/p>\n<p>H\u00f3a \u0111\u01a1n \u0111i\u1ec7n t\u1eed VNPT (VNPT INVOICE) l\u00e0 h\u1ec7 th\u1ed1ng h\u00f3a \u0111\u01a1n \u0111\u01b0\u1ee3c t\u1ea1o, l\u1eadp, xu\u1ea5t, h\u1ee7y h\u00f3a \u0111\u01a1n tr\u00ean m\u00f4i tr\u01b0\u1eddng Internet, ho\u00e0n to\u00e0n kh\u00f4ng c\u00f3 s\u1ef1 can thi\u1ec7p b\u00ean ngo\u00e0i v\u00ec v\u1eady kh\u00e1ch h\u00e0ng an t\u00e2m v\u1ec1 t\u00ednh b\u1ea3o m\u1eadt, an to\u00e0n tuy\u1ec7t \u0111\u1ed1i.<\/p>\n<p>H\u00f3a \u0111\u01a1n \u0111i\u1ec7n t\u1eed VNPT lu\u00f4n tu\u00e2n th\u1ee7 nghi\u00eam ch\u1ec9nh ch\u1ec9 th\u1ecb th\u00f4ng t\u01b0 c\u1ee7a t\u1ed5ng c\u1ee5c thu\u1ebf c\u0169ng nh\u01b0 ph\u00e1p lu\u1eadt Vi\u1ec7t Nam.<\/p>\n<p>H\u1ec7 th\u1ed1ng h\u00f3a \u0111\u01a1n VNPT l\u00e0 h\u1ec7 th\u1ed1ng online s\u1eed d\u1ee5ng tr\u00ean m\u1ecdi thi\u1ebft b\u1ecb ng\u01b0\u1eddi d\u00f9ng, ti\u1ec7n l\u1ee3i cho kh\u00e1ch h\u00e0ng s\u1eed d\u1ee5ng.<\/p>\n\t\t<\/div>\n\t\t\t\t\t<\/div>\n\n\t\n<\/div>\n\t\t<\/div>\n\n\t\t\n<style>\n#section_918661196 {\n  padding-top: 30px;\n  padding-bottom: 30px;\n}\n<\/style>\n\t<\/section>\n\t\n\n\t<section class=\"section\" id=\"section_243625514\">\n\t\t<div class=\"section-bg fill\" >\n\t\t\t\t\t\t\t\t\t\n\t\t\t\n\n\t\t<\/div>\n\n\t\t\n\n\t\t<div class=\"section-content relative\">\n\t\t\t\n<h3>1. T\u1ea1i sao kh\u00e1ch h\u00e0ng ph\u1ea3i s\u1eed d\u1ee5ng h\u00f3a \u0111\u01a1n \u0111i\u1ec7n t\u1eed VNPT<\/h3>\n<p>1- Tuy\u1ec7t \u0111\u1ed1i b\u00e0o m\u1eadt, l\u01b0u tr\u1eef h\u00f3a \u0111\u01a1n 10 n\u0103m (theo quy \u0111\u1ecbnh c\u1ee7a thu\u1ebf) t\u1ea1i 3 h\u1ec7 th\u1ed1ng data center l\u1edbn nh\u1ea5t c\u1ee7a vi\u1ec7t nam (H\u00e0 n\u1ed9i, \u0110\u00e0 N\u1eb5ng, Tp.HCM), lu\u00f4n c\u00f3 h\u1ec7 th\u1ed1ng backup d\u1eef li\u1ec7u tuy\u1ec7t \u0111\u1ed1i b\u1ea3o m\u1eadt.<\/p>\n<p>2- Giao di\u1ec7n d\u1ec5 s\u1eed d\u1ee5ng, \u0111\u1ea9y \u0111\u1ee7 c\u00e1c t\u00ednh n\u0103ng cho 1 c\u00f4ng ty nh\u1ecf m\u00e0 kh\u00f4ng c\u1ea7n s\u1eed ph\u1ea7n m\u1ec1m truy xu\u1ea5t h\u00f3a \u0111\u01a1n.<\/p>\n<p>3- Chi ph\u00ed ti\u1ebft ki\u1ec7m cho kh\u00e1ch h\u00e0ng, kh\u00f4ng ph\u00e1t sinh trong su\u1ed1t qu\u00e1 tr\u00ecnh s\u1eed d\u1ee5ng.<\/p>\n<p>4- H\u1ec7 th\u1ed1ng h\u00f3a \u0111\u01a1n s\u1eed d\u1ee5ng tr\u00ean m\u00f4i truy\u1ec1n internet, s\u1eed d\u1ee5ng tr\u00ean m\u1ecdi thi\u1ebft b\u1ecb, m\u1ecdi l\u00fac, m\u1ecdi n\u01a1i.<\/p>\n<p>5- C\u00f3 \u0111\u1ed9i sale chuy\u00ean v\u1ec1 k\u1ef9 thu\u1eadt s\u1ebd gi\u00fap h\u1ed7 tr\u1ee3 kh\u00e1ch h\u00e0ng trong su\u1ed1t qu\u00e1 tr\u00ecnh s\u1eed d\u1ee5ng 24\/7.<\/p>\n<h3>2. Quy tr\u00ecnh ph\u00e1t h\u00e0nh h\u00f3a \u0111\u01a1n \u0111i\u1ec7n t\u1eed VNPT<\/h3>\n<p>Th\u1ef1c hi\u1ec7n theo th\u00f4ng t\u01b0 78, VNPT l\u00e0 trong 30 nh\u00e0 m\u1ea1ng c\u00f3 \u0111\u1ee7 n\u0103ng l\u1ef1c m\u1ea1ng l\u01b0\u1edbi \u0111\u1ec3 truy\u1ec1n tr\u1ef1c ti\u1ebfp \u0111\u1ebfn c\u01a1 quan thu\u1ebf. H\u1ed7 tr\u1ee3 kh\u00e1ch h\u00e0ng nhanh ch\u00f3ng trong ng\u00e0y, h\u1ed7 tr\u1ee3 ph\u00e1t h\u00e0nh m\u1eabu\u00a0<strong>01\u0110KT\u0110\/H\u0110\u0110T<\/strong>\u00a0\u0111\u1ebfn c\u01a1 quan thu\u1ebf. VNPT lu\u00f4n mang \u0111\u1ebfn cho kh\u00e1ch h\u00e0ng s\u1ee3 h\u00e0i l\u00f2ng tuy\u1ec7t \u0111\u1ed1i.<\/p>\n<p>\u2022<strong>\u00a0Ph\u01b0\u01a1ng \u00e1n 1<\/strong>: Xu\u1ea5t h\u00f3a \u0111\u01a1n tr\u1ef1c ti\u1ebfp t\u1eeb Web portal c\u1ee7a VNPT, v\u1edbi s\u1ed1 l\u01b0\u1ee3ng h\u00f3a \u0111\u01a1n \u00edt.<\/p>\n<p><img loading=\"lazy\" decoding=\"async\" class=\"alignnone wp-image-132 size-full\" src=\"http:\/\/wifigiadinh.com\/wp-content\/uploads\/2026\/05\/quy-trinh-phat-hanh-hddt-900.png\" alt=\"\" width=\"900\" height=\"446\" srcset=\"https:\/\/wifigiadinh.com\/wp-content\/uploads\/2026\/05\/quy-trinh-phat-hanh-hddt-900.png 900w, https:\/\/wifigiadinh.com\/wp-content\/uploads\/2026\/05\/quy-trinh-phat-hanh-hddt-900-300x149.png 300w, https:\/\/wifigiadinh.com\/wp-content\/uploads\/2026\/05\/quy-trinh-phat-hanh-hddt-900-600x297.png 600w, https:\/\/wifigiadinh.com\/wp-content\/uploads\/2026\/05\/quy-trinh-phat-hanh-hddt-900-768x381.png 768w\" sizes=\"auto, (max-width: 900px) 100vw, 900px\" \/><\/p>\n<p><strong>Ph\u01b0\u01a1ng \u00e1n 2<\/strong>: D\u00e0nh cho doanh nghi\u1ec7p ph\u00e1t h\u00e0nh h\u00f3a \u0111\u01a1n th\u00f4ng qua ph\u1ea7n m\u1ec1m k\u1ebf to\u00e1n, h\u1ec7 th\u1ed1ng b\u00e1n h\u00e0ng, qua CRM, c\u00f3 s\u1ed1 l\u01b0\u1ee3ng h\u00f3a \u0111\u01a1n nhi\u1ec1u.<\/p>\n<p><img loading=\"lazy\" decoding=\"async\" class=\"alignnone wp-image-133 size-full\" src=\"http:\/\/wifigiadinh.com\/wp-content\/uploads\/2026\/05\/quy-trinh-phat-hddt-vnpt-hsm-900.png\" alt=\"\" width=\"900\" height=\"386\" srcset=\"https:\/\/wifigiadinh.com\/wp-content\/uploads\/2026\/05\/quy-trinh-phat-hddt-vnpt-hsm-900.png 900w, https:\/\/wifigiadinh.com\/wp-content\/uploads\/2026\/05\/quy-trinh-phat-hddt-vnpt-hsm-900-300x129.png 300w, https:\/\/wifigiadinh.com\/wp-content\/uploads\/2026\/05\/quy-trinh-phat-hddt-vnpt-hsm-900-600x257.png 600w, https:\/\/wifigiadinh.com\/wp-content\/uploads\/2026\/05\/quy-trinh-phat-hddt-vnpt-hsm-900-768x329.png 768w\" sizes=\"auto, (max-width: 900px) 100vw, 900px\" \/><\/p>\n<section id=\"section_1758791325\" class=\"section\">\n<div class=\"section-content relative\">\n<div id=\"row-529795604\" class=\"row\">\n<div id=\"col-16953404\" class=\"col small-12 large-12\">\n<div class=\"col-inner\">\n<h3>3. Chi ph\u00ed ph\u00e1t sinh \u0111\u0103ng k\u00fd d\u1ecbch v\u1ee5 H\u00f3a \u0111\u01a1n \u0111i\u1ec7n t\u1eed VNPT<\/h3>\n<p>\u2666\u00a0<strong>\u0110\u1ed1i v\u1edbi kh\u00e1ch h\u00e0ng \u0111\u0103ng k\u00fd m\u1edbi H\u00f3a \u0111\u01a1n \u0111i\u1ec7n t\u1eed VNPT<\/strong><\/p>\n<p>\u2013 Ph\u00ed kh\u1edfi t\u1ea1o h\u1ec7 th\u1ed1ng: 1.000.000\u0111 (ph\u00e1t sinh l\u1ea7n \u0111\u1ea7u ti\u00ean).<\/p>\n<p>\u2013 Ph\u00ed g\u00f3i c\u01b0\u1edbc h\u00f3a \u0111\u01a1n \u0111i\u1ec7n t\u1eed.<\/p>\n<p><strong>\u2666 \u0110\u1ed1i v\u1edbi kh\u00e1ch h\u00e0ng \u0111\u0103ng k\u00fd gia h\u1ea1n H\u00f3a \u0111\u01a1n \u0111i\u1ec7n t\u1eed VNPT<\/strong><\/p>\n<p>\u2013 Ph\u00ed g\u00f3i c\u01b0\u1edbc h\u00f3a \u0111\u01a1n \u0111i\u1ec7n t\u1eed<\/p>\n<p>M\u1eabu h\u00f3a \u0111\u01a1n \u0111i\u1ec7n t\u1eed VNPT:\u00a0<a href=\"https:\/\/vnpt.com.vn\/doanh-nghiep\/tu-van\/mau-01-hoa-don-dien-tu.html\" target=\"_blank\" rel=\"noopener\">T\u1ea1i \u0111\u00e2y<\/a><\/p>\n[ Ngo\u00e0i 2 chi ph\u00ed tr\u00ean th\u00ec ho\u00e0n to\u00e0n kh\u00f4ng ph\u00e1t sinh th\u00eam b\u1ea5t k\u1ef3 chi ph\u00ed g\u00ec trong su\u1ed1t qu\u00e1 tr\u00ecnh s\u1eed d\u1ee5ng ]\n<\/div>\n<\/div>\n<\/div>\n<\/div>\n<\/section>\n<section id=\"section_227313516\" class=\"section\">\n<div class=\"bg section-bg fill bg-fill bg-loaded\">\u00a0<\/div>\n<div class=\"section-content relative\">\n<div class=\"container section-title-container\">\n<h3 class=\"section-title section-title-center\"><b><\/b><span class=\"section-title-main\">H\u00d3A \u0110\u01a0N \u0110I\u1ec6N T\u1eec<\/span><b><\/b><\/h3>\n<\/div>\n<div id=\"slider-1878693010\" class=\"slider-wrapper relative\">\n<div class=\"slider slider-nav-dots-dashes-spaced slider-nav-simple slider-nav-large slider-nav-dark slider-style-normal slider-show-nav is-draggable flickity-enabled\" tabindex=\"0\" data-flickity-options=\"{\n            &quot;cellAlign&quot;: &quot;center&quot;,\n            &quot;imagesLoaded&quot;: true,\n            &quot;lazyLoad&quot;: 1,\n            &quot;freeScroll&quot;: false,\n            &quot;wrapAround&quot;: true,\n            &quot;autoPlay&quot;: 3000,\n            &quot;pauseAutoPlayOnHover&quot; : true,\n            &quot;prevNextButtons&quot;: true,\n            &quot;contain&quot; : true,\n            &quot;adaptiveHeight&quot; : true,\n            &quot;dragThreshold&quot; : 10,\n            &quot;percentPosition&quot;: true,\n            &quot;pageDots&quot;: true,\n            &quot;rightToLeft&quot;: false,\n            &quot;draggable&quot;: true,\n            &quot;selectedAttraction&quot;: 0.1,\n            &quot;parallax&quot; : 0,\n            &quot;friction&quot;: 0.6        }\"><\/p>\n<div class=\"flickity-viewport\">\n<div class=\"flickity-slider\">\n<div id=\"row-1874745345\" class=\"row\" aria-hidden=\"true\">\n<div id=\"col-2133577222\" class=\"col medium-3 small-12 large-3\">\n<div class=\"col-inner\">\n<div class=\"pricing-table-wrapper\">\n<div class=\"pricing-table ux_price_table text-center price-ca-hn price-hd-hn box-shadow-2 box-shadow-2-hover featured-table\">\n<div class=\"pricing-table-header\">\u00a0<\/div>\n<div class=\"pricing-table-items items\">\u00a0<\/div>\n<\/div>\n<\/div>\n<\/div>\n<\/div>\n<div id=\"col-161460987\" class=\"col medium-3 small-12 large-3\">\n<div class=\"col-inner\">\n<div class=\"pricing-table-wrapper\">\n<div class=\"pricing-table ux_price_table text-center price-ca-hn price-hd-hn box-shadow-2 box-shadow-2-hover featured-table\">\n<div class=\"pricing-table-header\">\u00a0<\/div>\n<div class=\"pricing-table-items items\">\u00a0<\/div>\n<\/div>\n<\/div>\n<\/div>\n<\/div>\n<div id=\"col-1581308834\" class=\"col medium-3 small-12 large-3\">\n<div class=\"col-inner\">\n<div class=\"pricing-table-wrapper\">\n<div class=\"pricing-table ux_price_table text-center price-ca-hn price-hd-hn box-shadow-2 box-shadow-2-hover featured-table\">\n<div class=\"pricing-table-header\">\u00a0<\/div>\n<div class=\"pricing-table-items items\">\u00a0<\/div>\n<\/div>\n<\/div>\n<\/div>\n<\/div>\n<div id=\"col-1352986591\" class=\"col medium-3 small-12 large-3\">\n<div class=\"col-inner\">\n<div class=\"pricing-table-wrapper\">\n<div class=\"pricing-table ux_price_table text-center price-ca-hn price-hd-hn box-shadow-2 box-shadow-2-hover featured-table\">\n<div class=\"pricing-table-header\">\u00a0<\/div>\n<div class=\"pricing-table-items items\">\u00a0<\/div>\n<\/div>\n<\/div>\n<\/div>\n<\/div>\n<\/div>\n<div id=\"row-1777884384\" class=\"row is-selected\">\n<div id=\"col-2087447649\" class=\"col medium-3 small-12 large-3\">\n<div class=\"col-inner\">\n<div class=\"pricing-table-wrapper\">\n<div class=\"pricing-table ux_price_table text-center price-ca-hn price-hd-hn box-shadow-2 box-shadow-2-hover featured-table\">\n<div class=\"pricing-table-header\">\u00a0<\/div>\n<div class=\"pricing-table-items items\">\u00a0<\/div>\n<\/div>\n<\/div>\n<\/div>\n<\/div>\n<div id=\"col-1733504568\" class=\"col medium-3 small-12 large-3\">\n<div class=\"col-inner\">\n<div class=\"pricing-table-wrapper\">\n<div class=\"pricing-table ux_price_table text-center price-ca-hn price-hd-hn box-shadow-2 box-shadow-2-hover featured-table\">\n<div class=\"pricing-table-header\">\u00a0<\/div>\n<div class=\"pricing-table-items items\">\u00a0<\/div>\n<\/div>\n<\/div>\n<\/div>\n<\/div>\n<div id=\"col-1920539715\" class=\"col medium-3 small-12 large-3\">\n<div class=\"col-inner\">\n<div class=\"pricing-table-wrapper\">\n<div class=\"pricing-table ux_price_table text-center price-ca-hn price-hd-hn box-shadow-2 box-shadow-2-hover featured-table\">\n<div class=\"pricing-table-header\">\u00a0<\/div>\n<div class=\"pricing-table-items items\">\u00a0<\/div>\n<\/div>\n<\/div>\n<\/div>\n<\/div>\n<div id=\"col-1125439141\" class=\"col medium-3 small-12 large-3\">\n<div class=\"col-inner\">\n<div class=\"pricing-table-wrapper\">\n<div class=\"pricing-table ux_price_table text-center price-ca-hn price-hd-hn box-shadow-2 box-shadow-2-hover featured-table\">\n<div class=\"pricing-table-header\">\u00a0<\/div>\n<div class=\"pricing-table-items items\">\u00a0<\/div>\n<\/div>\n<\/div>\n<\/div>\n<\/div>\n<\/div>\n<\/div>\n<\/div>\n<\/div>\n<\/div>\n<\/div>\n<\/section>\n<section id=\"section_2026004602\" class=\"section\">\n<div class=\"bg section-bg fill bg-fill bg-loaded\">\u00a0<\/div>\n<div class=\"section-content relative\">\n<div id=\"row-509630139\" class=\"row\">\n<div id=\"col-1406731696\" class=\"col small-12 large-12\">\n<div class=\"col-inner\">\n<div id=\"gap-1648674327\" class=\"gap-element clearfix\">\u00a0<\/div>\n<h3>4. Th\u1ee7 t\u1ee5c \u0111\u0103ng k\u00fd d\u1ecbch v\u1ee5 h\u00f3a \u0111\u01a1n \u0111i\u1ec7n t\u1eed VNPT<\/h3>\n<p>Kh\u00e1ch h\u00e0ng l\u00e0 doanh nghi\u1ec7p c\u1ea7n cung c\u1ea5p GPKD (b\u1ea3n photo kh\u00f4ng c\u1ea7n c\u00f4ng ch\u1ee9ng), M\u1eabu h\u00f3a \u0111\u01a1n gi\u1ea5y \u0111ang s\u1eed d\u1ee5ng ho\u1eb7c s\u1ebd m\u1eabu VNPT cung c\u1ea5p.<\/p>\n<h3>5. Quy tr\u00ecnh \u0111\u0103ng k\u00fd d\u1ecbch v\u1ee5 h\u00f3a \u0111\u01a1n \u0111i\u1ec7n t\u1eed VNPT<\/h3>\n<p>1 \u2013 Nh\u00e2n vi\u00ean Sale t\u01b0 v\u1ea5n g\u00f3i c\u01b0\u1edbc ph\u00f9 h\u1ee3p nhu c\u1ea7u kh\u00e1ch h\u00e0ng, font m\u1eabu h\u00f3a \u0111\u01a1n, size, k\u00edch th\u01b0\u1edbc h\u00f3a \u0111\u01a1n, h\u00ecnh th\u1ee9c thanh to\u00e1n.<\/p>\n<p>2 \u2013 Kh\u00e1c h\u00e0ng cung c\u1ea5p cho nh\u00e2n vi\u00ean th\u00f4ng tin:GPKD, m\u1eabu h\u00f3a \u0111\u01a1n kh\u00e1ch h\u00e0ng (n\u1ebfu c\u00f3).<\/p>\n<p>3 \u2013 Nh\u00e2n vi\u00ean k\u1ef9 thu\u1eadt VNPT s\u1ebd ti\u1ebfn h\u00e0nh thi\u1ebft l\u1eadp h\u00f3a \u0111\u01a1n m\u1eabu, site demo, site ch\u00ednh th\u1ee9c g\u1eedi kh\u00e1ch h\u00e0ng xem x\u00e9t.<\/p>\n<p>4 \u2013 Kh\u00e1ch h\u00e0ng ki\u1ec3m tra site ch\u00ednh v\u00e0 ti\u1ebfn h\u00e0nh l\u00e0m th\u00f4ng b\u00e1o ph\u00e1t h\u00e0nh s\u1eed d\u1ee5ng.<\/p>\n<h3>6. \u0110\u0103ng k\u00fd d\u1ecbch v\u1ee5 h\u00f3a \u0111\u01a1n \u0111i\u1ec7n t\u1eed VNPT<\/h3>\n<\/div>\n<\/div>\n<\/div>\n<\/div>\n<\/section>\n\t\t<\/div>\n\n\t\t\n<style>\n#section_243625514 {\n  padding-top: 30px;\n  padding-bottom: 30px;\n}\n<\/style>\n\t<\/section>\n\t\n","protected":false},"excerpt":{"rendered":"","protected":false},"author":1,"featured_media":0,"parent":0,"menu_order":0,"comment_status":"closed","ping_status":"closed","template":"page-blank.php","meta":{"footnotes":""},"class_list":["post-126","page","type-page","status-publish","hentry"],"_links":{"self":[{"href":"https:\/\/wifigiadinh.com\/index.php\/wp-json\/wp\/v2\/pages\/126","targetHints":{"allow":["GET"]}}],"collection":[{"href":"https:\/\/wifigiadinh.com\/index.php\/wp-json\/wp\/v2\/pages"}],"about":[{"href":"https:\/\/wifigiadinh.com\/index.php\/wp-json\/wp\/v2\/types\/page"}],"author":[{"embeddable":true,"href":"https:\/\/wifigiadinh.com\/index.php\/wp-json\/wp\/v2\/users\/1"}],"replies":[{"embeddable":true,"href":"https:\/\/wifigiadinh.com\/index.php\/wp-json\/wp\/v2\/comments?post=126"}],"version-history":[{"count":4,"href":"https:\/\/wifigiadinh.com\/index.php\/wp-json\/wp\/v2\/pages\/126\/revisions"}],"predecessor-version":[{"id":134,"href":"https:\/\/wifigiadinh.com\/index.php\/wp-json\/wp\/v2\/pages\/126\/revisions\/134"}],"wp:attachment":[{"href":"https:\/\/wifigiadinh.com\/index.php\/wp-json\/wp\/v2\/media?parent=126"}],"curies":[{"name":"wp","href":"https:\/\/api.w.org\/{rel}","templated":true}]}}