{"id":201,"date":"2026-05-03T16:18:02","date_gmt":"2026-05-03T16:18:02","guid":{"rendered":"https:\/\/wifigiadinh.com\/?post_type=product&#038;p=201"},"modified":"2026-05-03T16:20:43","modified_gmt":"2026-05-03T16:20:43","slug":"sim-u900","status":"publish","type":"product","link":"https:\/\/wifigiadinh.com\/index.php\/san-pham\/sim-u900\/","title":{"rendered":"SIM U900"},"content":{"rendered":"","protected":false},"excerpt":{"rendered":"<ul>\n<li><strong>Ph\u1ea1m vi \u00e1p d\u1ee5ng:<\/strong>\u00a0thu\u00ea bao Ezcom.<\/li>\n<li><strong>Dung l\u01b0\u1ee3ng data:\u00a0<\/strong>3000GB t\u1ed1c \u0111\u1ed9 cao (500GB\/th\u00e1ng).<\/li>\n<li><strong>C\u01b0\u1edbc ph\u00ed \u0111\u0103ng k\u00fd:<\/strong>\u00a0900.000 \u0111\u1ed3ng\/6 th\u00e1ng (t\u01b0\u01a1ng \u0111\u01b0\u01a1ng 150.000\u0111\/th\u00e1ng).<\/li>\n<li><strong>Chu k\u1ef3 s\u1eed d\u1ee5ng g\u00f3i:<\/strong>\u00a0180 ng\u00e0y.<\/li>\n<li><strong>\u0110i\u1ec1u ki\u1ec7n nh\u1eadn \u01b0u \u0111\u00e3i:<\/strong>\u00a0\u0111\u0103ng k\u00fd g\u00f3i tr\u1ea3 tr\u01b0\u1edbc 6 th\u00e1ng.<\/li>\n<\/ul>\n","protected":false},"featured_media":202,"comment_status":"closed","ping_status":"closed","template":"","meta":[],"product_brand":[],"product_cat":[19,23],"product_tag":[29,30,31,32,33,34,35,36,37,38,39,40,41,42,43,44,45,46,47,57,48,49,50,51,52,53,54,55,56],"class_list":{"0":"post-201","1":"product","2":"type-product","3":"status-publish","4":"has-post-thumbnail","6":"product_cat-di-dong","7":"product_cat-sim-data-5g","8":"product_tag-3g","9":"product_tag-4g","10":"product_tag-5g","11":"product_tag-cap-nhat-tttb","12":"product_tag-chuan-hoa-thong-tin-thue-bao","13":"product_tag-data-5g","14":"product_tag-doi-sim-2g","15":"product_tag-goi-cuoc-thuong-gia","16":"product_tag-goi-cuoc-vd159v","17":"product_tag-sim-chinh-chu","18":"product_tag-sim-data-gan-man-hinh-oto","19":"product_tag-sim-data-gia-re","20":"product_tag-sim-data-may-tinh-bang","21":"product_tag-sim-data-toc-do-cao","22":"product_tag-sim-dinh-vi","23":"product_tag-sim-so-dep","24":"product_tag-sim-so-gia-re","25":"product_tag-thuong-gia","26":"product_tag-u1500","27":"product_tag-u900","28":"product_tag-vinaphone","29":"product_tag-vinaphone-data","30":"product_tag-vinaphone-goi-mien-phi","31":"product_tag-vinaphone-mien-phi-ngoai-mang","32":"product_tag-vinaphone-mien-phi-noi-mang","33":"product_tag-vinaphone-mien-phi-sms","34":"product_tag-vinaphone-toc-do-cao","35":"product_tag-vinaphone-tra-sau","36":"product_tag-vinaphone-tra-truoc","38":"first","39":"instock","40":"shipping-taxable","41":"purchasable","42":"product-type-simple"},"_links":{"self":[{"href":"https:\/\/wifigiadinh.com\/index.php\/wp-json\/wp\/v2\/product\/201","targetHints":{"allow":["GET"]}}],"collection":[{"href":"https:\/\/wifigiadinh.com\/index.php\/wp-json\/wp\/v2\/product"}],"about":[{"href":"https:\/\/wifigiadinh.com\/index.php\/wp-json\/wp\/v2\/types\/product"}],"replies":[{"embeddable":true,"href":"https:\/\/wifigiadinh.com\/index.php\/wp-json\/wp\/v2\/comments?post=201"}],"wp:featuredmedia":[{"embeddable":true,"href":"https:\/\/wifigiadinh.com\/index.php\/wp-json\/wp\/v2\/media\/202"}],"wp:attachment":[{"href":"https:\/\/wifigiadinh.com\/index.php\/wp-json\/wp\/v2\/media?parent=201"}],"wp:term":[{"taxonomy":"product_brand","embeddable":true,"href":"https:\/\/wifigiadinh.com\/index.php\/wp-json\/wp\/v2\/product_brand?post=201"},{"taxonomy":"product_cat","embeddable":true,"href":"https:\/\/wifigiadinh.com\/index.php\/wp-json\/wp\/v2\/product_cat?post=201"},{"taxonomy":"product_tag","embeddable":true,"href":"https:\/\/wifigiadinh.com\/index.php\/wp-json\/wp\/v2\/product_tag?post=201"}],"curies":[{"name":"wp","href":"https:\/\/api.w.org\/{rel}","templated":true}]}}