{"id":220,"date":"2026-05-03T18:18:19","date_gmt":"2026-05-03T18:18:19","guid":{"rendered":"https:\/\/wifigiadinh.com\/?post_type=product&#038;p=220"},"modified":"2026-05-03T18:18:22","modified_gmt":"2026-05-03T18:18:22","slug":"home-ket-noi-2","status":"publish","type":"product","link":"https:\/\/wifigiadinh.com\/index.php\/san-pham\/home-ket-noi-2\/","title":{"rendered":"HOME K\u1ebeT N\u1ed0I 2"},"content":{"rendered":"","protected":false},"excerpt":{"rendered":"<ul>\n<li><span data-sheets-value=\"{&quot;1&quot;:2,&quot;2&quot;:&quot;- Internet 150Mbps\\n- Mi\u1ec5n ph\u00ed 01 thi\u1ebft b\u1ecb Wifi Mesh 5\\n- \u01afu \u0111\u00e3i nh\u00f3m: mi\u1ec5n ph\u00ed 1000p g\u1ecdi n\u1ed9i nh\u00f3m\\n- \u01afu \u0111\u00e3i ch\u1ee7 nh\u00f3m: \\n+ Mi\u1ec5n ph\u00ed 30GB Data\\n+ Mi\u1ec5n ph\u00ed 1000p g\u1ecdi n\u1ed9i m\u1ea1ng\\n+ Mi\u1ec5n ph\u00ed 50p g\u1ecdi ngo\u1ea1i m\u1ea1ng\\n- 180 k\u00eanh truy\u1ec1n h\u00ecnh MyTV \\n- S\u1eed d\u1ee5ng \u0111\u01b0\u1eddng truy\u1ec1n t\u1ed1c \u0111\u1ed9 cao 300MB v\u00e0 Data truy c\u1eadp \u1ee9ng d\u1ee5ng Zalo,MyTV\\r\\n(\u01afu \u0111\u00e3i nh\u01b0 tr\u00ean nh\u01b0ng kh\u00f4ng mesh gi\u00e1 c\u01b0\u1edbc gi\u1ea3m 10.000\u0111\/th\u00e1ng)&quot;}\" data-sheets-userformat=\"{&quot;2&quot;:15295,&quot;3&quot;:{&quot;1&quot;:0},&quot;4&quot;:{&quot;1&quot;:3,&quot;3&quot;:2},&quot;5&quot;:{&quot;1&quot;:[{&quot;1&quot;:2,&quot;2&quot;:0,&quot;5&quot;:{&quot;1&quot;:2,&quot;2&quot;:0}},{&quot;1&quot;:0,&quot;2&quot;:0,&quot;3&quot;:3},{&quot;1&quot;:1,&quot;2&quot;:0,&quot;4&quot;:1}]},&quot;6&quot;:{&quot;1&quot;:[{&quot;1&quot;:2,&quot;2&quot;:0,&quot;5&quot;:{&quot;1&quot;:2,&quot;2&quot;:0}},{&quot;1&quot;:0,&quot;2&quot;:0,&quot;3&quot;:3},{&quot;1&quot;:1,&quot;2&quot;:0,&quot;4&quot;:1}]},&quot;7&quot;:{&quot;1&quot;:[{&quot;1&quot;:2,&quot;2&quot;:0,&quot;5&quot;:{&quot;1&quot;:2,&quot;2&quot;:0}},{&quot;1&quot;:0,&quot;2&quot;:0,&quot;3&quot;:3},{&quot;1&quot;:1,&quot;2&quot;:0,&quot;4&quot;:1}]},&quot;8&quot;:{&quot;1&quot;:[{&quot;1&quot;:2,&quot;2&quot;:0,&quot;5&quot;:{&quot;1&quot;:2,&quot;2&quot;:0}},{&quot;1&quot;:0,&quot;2&quot;:0,&quot;3&quot;:3},{&quot;1&quot;:1,&quot;2&quot;:0,&quot;4&quot;:1}]},&quot;10&quot;:0,&quot;11&quot;:4,&quot;12&quot;:0,&quot;14&quot;:{&quot;1&quot;:3,&quot;3&quot;:1},&quot;15&quot;:&quot;Calibri&quot;,&quot;16&quot;:11}\">Internet\u00a0<strong>30<\/strong><strong>0 Mbps<\/strong><\/span><\/li>\n<li><span data-sheets-value=\"{&quot;1&quot;:2,&quot;2&quot;:&quot;- Internet 150Mbps\\n- Mi\u1ec5n ph\u00ed 01 thi\u1ebft b\u1ecb Wifi Mesh 5\\n- \u01afu \u0111\u00e3i nh\u00f3m: mi\u1ec5n ph\u00ed 1000p g\u1ecdi n\u1ed9i nh\u00f3m\\n- \u01afu \u0111\u00e3i ch\u1ee7 nh\u00f3m: \\n+ Mi\u1ec5n ph\u00ed 30GB Data\\n+ Mi\u1ec5n ph\u00ed 1000p g\u1ecdi n\u1ed9i m\u1ea1ng\\n+ Mi\u1ec5n ph\u00ed 50p g\u1ecdi ngo\u1ea1i m\u1ea1ng\\n- 180 k\u00eanh truy\u1ec1n h\u00ecnh MyTV \\n- S\u1eed d\u1ee5ng \u0111\u01b0\u1eddng truy\u1ec1n t\u1ed1c \u0111\u1ed9 cao 300MB v\u00e0 Data truy c\u1eadp \u1ee9ng d\u1ee5ng Zalo,MyTV\\r\\n(\u01afu \u0111\u00e3i nh\u01b0 tr\u00ean nh\u01b0ng kh\u00f4ng mesh gi\u00e1 c\u01b0\u1edbc gi\u1ea3m 10.000\u0111\/th\u00e1ng)&quot;}\" data-sheets-userformat=\"{&quot;2&quot;:15295,&quot;3&quot;:{&quot;1&quot;:0},&quot;4&quot;:{&quot;1&quot;:3,&quot;3&quot;:2},&quot;5&quot;:{&quot;1&quot;:[{&quot;1&quot;:2,&quot;2&quot;:0,&quot;5&quot;:{&quot;1&quot;:2,&quot;2&quot;:0}},{&quot;1&quot;:0,&quot;2&quot;:0,&quot;3&quot;:3},{&quot;1&quot;:1,&quot;2&quot;:0,&quot;4&quot;:1}]},&quot;6&quot;:{&quot;1&quot;:[{&quot;1&quot;:2,&quot;2&quot;:0,&quot;5&quot;:{&quot;1&quot;:2,&quot;2&quot;:0}},{&quot;1&quot;:0,&quot;2&quot;:0,&quot;3&quot;:3},{&quot;1&quot;:1,&quot;2&quot;:0,&quot;4&quot;:1}]},&quot;7&quot;:{&quot;1&quot;:[{&quot;1&quot;:2,&quot;2&quot;:0,&quot;5&quot;:{&quot;1&quot;:2,&quot;2&quot;:0}},{&quot;1&quot;:0,&quot;2&quot;:0,&quot;3&quot;:3},{&quot;1&quot;:1,&quot;2&quot;:0,&quot;4&quot;:1}]},&quot;8&quot;:{&quot;1&quot;:[{&quot;1&quot;:2,&quot;2&quot;:0,&quot;5&quot;:{&quot;1&quot;:2,&quot;2&quot;:0}},{&quot;1&quot;:0,&quot;2&quot;:0,&quot;3&quot;:3},{&quot;1&quot;:1,&quot;2&quot;:0,&quot;4&quot;:1}]},&quot;10&quot;:0,&quot;11&quot;:4,&quot;12&quot;:0,&quot;14&quot;:{&quot;1&quot;:3,&quot;3&quot;:1},&quot;15&quot;:&quot;Calibri&quot;,&quot;16&quot;:11}\">Mi\u1ec5n ph\u00ed 01 thi\u1ebft b\u1ecb\u00a0<strong>Wifi Mesh 5<\/strong><\/span><\/li>\n<li><span data-sheets-value=\"{&quot;1&quot;:2,&quot;2&quot;:&quot;- Internet 150Mbps\\n- Mi\u1ec5n ph\u00ed 01 thi\u1ebft b\u1ecb Wifi Mesh 5\\n- \u01afu \u0111\u00e3i nh\u00f3m: mi\u1ec5n ph\u00ed 1000p g\u1ecdi n\u1ed9i nh\u00f3m\\n- \u01afu \u0111\u00e3i ch\u1ee7 nh\u00f3m: \\n+ Mi\u1ec5n ph\u00ed 30GB Data\\n+ Mi\u1ec5n ph\u00ed 1000p g\u1ecdi n\u1ed9i m\u1ea1ng\\n+ Mi\u1ec5n ph\u00ed 50p g\u1ecdi ngo\u1ea1i m\u1ea1ng\\n- 180 k\u00eanh truy\u1ec1n h\u00ecnh MyTV \\n- S\u1eed d\u1ee5ng \u0111\u01b0\u1eddng truy\u1ec1n t\u1ed1c \u0111\u1ed9 cao 300MB v\u00e0 Data truy c\u1eadp \u1ee9ng d\u1ee5ng Zalo,MyTV\\r\\n(\u01afu \u0111\u00e3i nh\u01b0 tr\u00ean nh\u01b0ng kh\u00f4ng mesh gi\u00e1 c\u01b0\u1edbc gi\u1ea3m 10.000\u0111\/th\u00e1ng)&quot;}\" data-sheets-userformat=\"{&quot;2&quot;:15295,&quot;3&quot;:{&quot;1&quot;:0},&quot;4&quot;:{&quot;1&quot;:3,&quot;3&quot;:2},&quot;5&quot;:{&quot;1&quot;:[{&quot;1&quot;:2,&quot;2&quot;:0,&quot;5&quot;:{&quot;1&quot;:2,&quot;2&quot;:0}},{&quot;1&quot;:0,&quot;2&quot;:0,&quot;3&quot;:3},{&quot;1&quot;:1,&quot;2&quot;:0,&quot;4&quot;:1}]},&quot;6&quot;:{&quot;1&quot;:[{&quot;1&quot;:2,&quot;2&quot;:0,&quot;5&quot;:{&quot;1&quot;:2,&quot;2&quot;:0}},{&quot;1&quot;:0,&quot;2&quot;:0,&quot;3&quot;:3},{&quot;1&quot;:1,&quot;2&quot;:0,&quot;4&quot;:1}]},&quot;7&quot;:{&quot;1&quot;:[{&quot;1&quot;:2,&quot;2&quot;:0,&quot;5&quot;:{&quot;1&quot;:2,&quot;2&quot;:0}},{&quot;1&quot;:0,&quot;2&quot;:0,&quot;3&quot;:3},{&quot;1&quot;:1,&quot;2&quot;:0,&quot;4&quot;:1}]},&quot;8&quot;:{&quot;1&quot;:[{&quot;1&quot;:2,&quot;2&quot;:0,&quot;5&quot;:{&quot;1&quot;:2,&quot;2&quot;:0}},{&quot;1&quot;:0,&quot;2&quot;:0,&quot;3&quot;:3},{&quot;1&quot;:1,&quot;2&quot;:0,&quot;4&quot;:1}]},&quot;10&quot;:0,&quot;11&quot;:4,&quot;12&quot;:0,&quot;14&quot;:{&quot;1&quot;:3,&quot;3&quot;:1},&quot;15&quot;:&quot;Calibri&quot;,&quot;16&quot;:11}\"><strong>30GB<\/strong>\u00a0Data chia s\u1ebb nh\u00f3m<\/span><\/li>\n<li><span data-sheets-value=\"{&quot;1&quot;:2,&quot;2&quot;:&quot;- Internet 150Mbps\\n- Mi\u1ec5n ph\u00ed 01 thi\u1ebft b\u1ecb Wifi Mesh 5\\n- \u01afu \u0111\u00e3i nh\u00f3m: mi\u1ec5n ph\u00ed 1000p g\u1ecdi n\u1ed9i nh\u00f3m\\n- \u01afu \u0111\u00e3i ch\u1ee7 nh\u00f3m: \\n+ Mi\u1ec5n ph\u00ed 30GB Data\\n+ Mi\u1ec5n ph\u00ed 1000p g\u1ecdi n\u1ed9i m\u1ea1ng\\n+ Mi\u1ec5n ph\u00ed 50p g\u1ecdi ngo\u1ea1i m\u1ea1ng\\n- 180 k\u00eanh truy\u1ec1n h\u00ecnh MyTV \\n- S\u1eed d\u1ee5ng \u0111\u01b0\u1eddng truy\u1ec1n t\u1ed1c \u0111\u1ed9 cao 300MB v\u00e0 Data truy c\u1eadp \u1ee9ng d\u1ee5ng Zalo,MyTV\\r\\n(\u01afu \u0111\u00e3i nh\u01b0 tr\u00ean nh\u01b0ng kh\u00f4ng mesh gi\u00e1 c\u01b0\u1edbc gi\u1ea3m 10.000\u0111\/th\u00e1ng)&quot;}\" data-sheets-userformat=\"{&quot;2&quot;:15295,&quot;3&quot;:{&quot;1&quot;:0},&quot;4&quot;:{&quot;1&quot;:3,&quot;3&quot;:2},&quot;5&quot;:{&quot;1&quot;:[{&quot;1&quot;:2,&quot;2&quot;:0,&quot;5&quot;:{&quot;1&quot;:2,&quot;2&quot;:0}},{&quot;1&quot;:0,&quot;2&quot;:0,&quot;3&quot;:3},{&quot;1&quot;:1,&quot;2&quot;:0,&quot;4&quot;:1}]},&quot;6&quot;:{&quot;1&quot;:[{&quot;1&quot;:2,&quot;2&quot;:0,&quot;5&quot;:{&quot;1&quot;:2,&quot;2&quot;:0}},{&quot;1&quot;:0,&quot;2&quot;:0,&quot;3&quot;:3},{&quot;1&quot;:1,&quot;2&quot;:0,&quot;4&quot;:1}]},&quot;7&quot;:{&quot;1&quot;:[{&quot;1&quot;:2,&quot;2&quot;:0,&quot;5&quot;:{&quot;1&quot;:2,&quot;2&quot;:0}},{&quot;1&quot;:0,&quot;2&quot;:0,&quot;3&quot;:3},{&quot;1&quot;:1,&quot;2&quot;:0,&quot;4&quot;:1}]},&quot;8&quot;:{&quot;1&quot;:[{&quot;1&quot;:2,&quot;2&quot;:0,&quot;5&quot;:{&quot;1&quot;:2,&quot;2&quot;:0}},{&quot;1&quot;:0,&quot;2&quot;:0,&quot;3&quot;:3},{&quot;1&quot;:1,&quot;2&quot;:0,&quot;4&quot;:1}]},&quot;10&quot;:0,&quot;11&quot;:4,&quot;12&quot;:0,&quot;14&quot;:{&quot;1&quot;:3,&quot;3&quot;:1},&quot;15&quot;:&quot;Calibri&quot;,&quot;16&quot;:11}\"><strong>1000p<\/strong>\u00a0g\u1ecdi n\u1ed9i nh\u00f3m<\/span><\/li>\n<li><span data-sheets-value=\"{&quot;1&quot;:2,&quot;2&quot;:&quot;- Internet 150Mbps\\n- Mi\u1ec5n ph\u00ed 01 thi\u1ebft b\u1ecb Wifi Mesh 5\\n- \u01afu \u0111\u00e3i nh\u00f3m: mi\u1ec5n ph\u00ed 1000p g\u1ecdi n\u1ed9i nh\u00f3m\\n- \u01afu \u0111\u00e3i ch\u1ee7 nh\u00f3m: \\n+ Mi\u1ec5n ph\u00ed 30GB Data\\n+ Mi\u1ec5n ph\u00ed 1000p g\u1ecdi n\u1ed9i m\u1ea1ng\\n+ Mi\u1ec5n ph\u00ed 50p g\u1ecdi ngo\u1ea1i m\u1ea1ng\\n- 180 k\u00eanh truy\u1ec1n h\u00ecnh MyTV \\n- S\u1eed d\u1ee5ng \u0111\u01b0\u1eddng truy\u1ec1n t\u1ed1c \u0111\u1ed9 cao 300MB v\u00e0 Data truy c\u1eadp \u1ee9ng d\u1ee5ng Zalo,MyTV\\r\\n(\u01afu \u0111\u00e3i nh\u01b0 tr\u00ean nh\u01b0ng kh\u00f4ng mesh gi\u00e1 c\u01b0\u1edbc gi\u1ea3m 10.000\u0111\/th\u00e1ng)&quot;}\" data-sheets-userformat=\"{&quot;2&quot;:15295,&quot;3&quot;:{&quot;1&quot;:0},&quot;4&quot;:{&quot;1&quot;:3,&quot;3&quot;:2},&quot;5&quot;:{&quot;1&quot;:[{&quot;1&quot;:2,&quot;2&quot;:0,&quot;5&quot;:{&quot;1&quot;:2,&quot;2&quot;:0}},{&quot;1&quot;:0,&quot;2&quot;:0,&quot;3&quot;:3},{&quot;1&quot;:1,&quot;2&quot;:0,&quot;4&quot;:1}]},&quot;6&quot;:{&quot;1&quot;:[{&quot;1&quot;:2,&quot;2&quot;:0,&quot;5&quot;:{&quot;1&quot;:2,&quot;2&quot;:0}},{&quot;1&quot;:0,&quot;2&quot;:0,&quot;3&quot;:3},{&quot;1&quot;:1,&quot;2&quot;:0,&quot;4&quot;:1}]},&quot;7&quot;:{&quot;1&quot;:[{&quot;1&quot;:2,&quot;2&quot;:0,&quot;5&quot;:{&quot;1&quot;:2,&quot;2&quot;:0}},{&quot;1&quot;:0,&quot;2&quot;:0,&quot;3&quot;:3},{&quot;1&quot;:1,&quot;2&quot;:0,&quot;4&quot;:1}]},&quot;8&quot;:{&quot;1&quot;:[{&quot;1&quot;:2,&quot;2&quot;:0,&quot;5&quot;:{&quot;1&quot;:2,&quot;2&quot;:0}},{&quot;1&quot;:0,&quot;2&quot;:0,&quot;3&quot;:3},{&quot;1&quot;:1,&quot;2&quot;:0,&quot;4&quot;:1}]},&quot;10&quot;:0,&quot;11&quot;:4,&quot;12&quot;:0,&quot;14&quot;:{&quot;1&quot;:3,&quot;3&quot;:1},&quot;15&quot;:&quot;Calibri&quot;,&quot;16&quot;:11}\"><strong>50p<\/strong>\u00a0g\u1ecdi ngo\u1ea1i m\u1ea1ng<\/span><\/li>\n<li><span data-sheets-value=\"{&quot;1&quot;:2,&quot;2&quot;:&quot;- Internet 150Mbps\\n- Mi\u1ec5n ph\u00ed 01 thi\u1ebft b\u1ecb Wifi Mesh 5\\n- \u01afu \u0111\u00e3i nh\u00f3m: mi\u1ec5n ph\u00ed 1000p g\u1ecdi n\u1ed9i nh\u00f3m\\n- \u01afu \u0111\u00e3i ch\u1ee7 nh\u00f3m: \\n+ Mi\u1ec5n ph\u00ed 30GB Data\\n+ Mi\u1ec5n ph\u00ed 1000p g\u1ecdi n\u1ed9i m\u1ea1ng\\n+ Mi\u1ec5n ph\u00ed 50p g\u1ecdi ngo\u1ea1i m\u1ea1ng\\n- 180 k\u00eanh truy\u1ec1n h\u00ecnh MyTV \\n- S\u1eed d\u1ee5ng \u0111\u01b0\u1eddng truy\u1ec1n t\u1ed1c \u0111\u1ed9 cao 300MB v\u00e0 Data truy c\u1eadp \u1ee9ng d\u1ee5ng Zalo,MyTV\\r\\n(\u01afu \u0111\u00e3i nh\u01b0 tr\u00ean nh\u01b0ng kh\u00f4ng mesh gi\u00e1 c\u01b0\u1edbc gi\u1ea3m 10.000\u0111\/th\u00e1ng)&quot;}\" data-sheets-userformat=\"{&quot;2&quot;:15295,&quot;3&quot;:{&quot;1&quot;:0},&quot;4&quot;:{&quot;1&quot;:3,&quot;3&quot;:2},&quot;5&quot;:{&quot;1&quot;:[{&quot;1&quot;:2,&quot;2&quot;:0,&quot;5&quot;:{&quot;1&quot;:2,&quot;2&quot;:0}},{&quot;1&quot;:0,&quot;2&quot;:0,&quot;3&quot;:3},{&quot;1&quot;:1,&quot;2&quot;:0,&quot;4&quot;:1}]},&quot;6&quot;:{&quot;1&quot;:[{&quot;1&quot;:2,&quot;2&quot;:0,&quot;5&quot;:{&quot;1&quot;:2,&quot;2&quot;:0}},{&quot;1&quot;:0,&quot;2&quot;:0,&quot;3&quot;:3},{&quot;1&quot;:1,&quot;2&quot;:0,&quot;4&quot;:1}]},&quot;7&quot;:{&quot;1&quot;:[{&quot;1&quot;:2,&quot;2&quot;:0,&quot;5&quot;:{&quot;1&quot;:2,&quot;2&quot;:0}},{&quot;1&quot;:0,&quot;2&quot;:0,&quot;3&quot;:3},{&quot;1&quot;:1,&quot;2&quot;:0,&quot;4&quot;:1}]},&quot;8&quot;:{&quot;1&quot;:[{&quot;1&quot;:2,&quot;2&quot;:0,&quot;5&quot;:{&quot;1&quot;:2,&quot;2&quot;:0}},{&quot;1&quot;:0,&quot;2&quot;:0,&quot;3&quot;:3},{&quot;1&quot;:1,&quot;2&quot;:0,&quot;4&quot;:1}]},&quot;10&quot;:0,&quot;11&quot;:4,&quot;12&quot;:0,&quot;14&quot;:{&quot;1&quot;:3,&quot;3&quot;:1},&quot;15&quot;:&quot;Calibri&quot;,&quot;16&quot;:11}\"><strong>180 k\u00eanh<\/strong>\u00a0truy\u1ec1n h\u00ecnh\u00a0<strong>MyTV<\/strong><\/span><\/li>\n<li><span data-sheets-value=\"{&quot;1&quot;:2,&quot;2&quot;:&quot;- Internet 150Mbps\\n- Mi\u1ec5n ph\u00ed 01 thi\u1ebft b\u1ecb Wifi Mesh 5\\n- \u01afu \u0111\u00e3i nh\u00f3m: mi\u1ec5n ph\u00ed 1000p g\u1ecdi n\u1ed9i nh\u00f3m\\n- \u01afu \u0111\u00e3i ch\u1ee7 nh\u00f3m: \\n+ Mi\u1ec5n ph\u00ed 30GB Data\\n+ Mi\u1ec5n ph\u00ed 1000p g\u1ecdi n\u1ed9i m\u1ea1ng\\n+ Mi\u1ec5n ph\u00ed 50p g\u1ecdi ngo\u1ea1i m\u1ea1ng\\n- 180 k\u00eanh truy\u1ec1n h\u00ecnh MyTV \\n- S\u1eed d\u1ee5ng \u0111\u01b0\u1eddng truy\u1ec1n t\u1ed1c \u0111\u1ed9 cao 300MB v\u00e0 Data truy c\u1eadp \u1ee9ng d\u1ee5ng Zalo,MyTV\\r\\n(\u01afu \u0111\u00e3i nh\u01b0 tr\u00ean nh\u01b0ng kh\u00f4ng mesh gi\u00e1 c\u01b0\u1edbc gi\u1ea3m 10.000\u0111\/th\u00e1ng)&quot;}\" data-sheets-userformat=\"{&quot;2&quot;:15295,&quot;3&quot;:{&quot;1&quot;:0},&quot;4&quot;:{&quot;1&quot;:3,&quot;3&quot;:2},&quot;5&quot;:{&quot;1&quot;:[{&quot;1&quot;:2,&quot;2&quot;:0,&quot;5&quot;:{&quot;1&quot;:2,&quot;2&quot;:0}},{&quot;1&quot;:0,&quot;2&quot;:0,&quot;3&quot;:3},{&quot;1&quot;:1,&quot;2&quot;:0,&quot;4&quot;:1}]},&quot;6&quot;:{&quot;1&quot;:[{&quot;1&quot;:2,&quot;2&quot;:0,&quot;5&quot;:{&quot;1&quot;:2,&quot;2&quot;:0}},{&quot;1&quot;:0,&quot;2&quot;:0,&quot;3&quot;:3},{&quot;1&quot;:1,&quot;2&quot;:0,&quot;4&quot;:1}]},&quot;7&quot;:{&quot;1&quot;:[{&quot;1&quot;:2,&quot;2&quot;:0,&quot;5&quot;:{&quot;1&quot;:2,&quot;2&quot;:0}},{&quot;1&quot;:0,&quot;2&quot;:0,&quot;3&quot;:3},{&quot;1&quot;:1,&quot;2&quot;:0,&quot;4&quot;:1}]},&quot;8&quot;:{&quot;1&quot;:[{&quot;1&quot;:2,&quot;2&quot;:0,&quot;5&quot;:{&quot;1&quot;:2,&quot;2&quot;:0}},{&quot;1&quot;:0,&quot;2&quot;:0,&quot;3&quot;:3},{&quot;1&quot;:1,&quot;2&quot;:0,&quot;4&quot;:1}]},&quot;10&quot;:0,&quot;11&quot;:4,&quot;12&quot;:0,&quot;14&quot;:{&quot;1&quot;:3,&quot;3&quot;:1},&quot;15&quot;:&quot;Calibri&quot;,&quot;16&quot;:11}\">Nh\u00f3m t\u1ed1i \u0111a 5 th\u00e0nh vi\u00ean (bao g\u1ed3m ch\u1ee7 nh\u00f3m)<\/span><\/li>\n<\/ul>\n","protected":false},"featured_media":221,"comment_status":"open","ping_status":"closed","template":"","meta":[],"product_brand":[],"product_cat":[25,24],"product_tag":[],"class_list":{"0":"post-220","1":"product","2":"type-product","3":"status-publish","4":"has-post-thumbnail","6":"product_cat-home-combo","7":"product_cat-internet-truyen-hinh","9":"first","10":"instock","11":"shipping-taxable","12":"purchasable","13":"product-type-simple"},"_links":{"self":[{"href":"https:\/\/wifigiadinh.com\/index.php\/wp-json\/wp\/v2\/product\/220","targetHints":{"allow":["GET"]}}],"collection":[{"href":"https:\/\/wifigiadinh.com\/index.php\/wp-json\/wp\/v2\/product"}],"about":[{"href":"https:\/\/wifigiadinh.com\/index.php\/wp-json\/wp\/v2\/types\/product"}],"replies":[{"embeddable":true,"href":"https:\/\/wifigiadinh.com\/index.php\/wp-json\/wp\/v2\/comments?post=220"}],"wp:featuredmedia":[{"embeddable":true,"href":"https:\/\/wifigiadinh.com\/index.php\/wp-json\/wp\/v2\/media\/221"}],"wp:attachment":[{"href":"https:\/\/wifigiadinh.com\/index.php\/wp-json\/wp\/v2\/media?parent=220"}],"wp:term":[{"taxonomy":"product_brand","embeddable":true,"href":"https:\/\/wifigiadinh.com\/index.php\/wp-json\/wp\/v2\/product_brand?post=220"},{"taxonomy":"product_cat","embeddable":true,"href":"https:\/\/wifigiadinh.com\/index.php\/wp-json\/wp\/v2\/product_cat?post=220"},{"taxonomy":"product_tag","embeddable":true,"href":"https:\/\/wifigiadinh.com\/index.php\/wp-json\/wp\/v2\/product_tag?post=220"}],"curies":[{"name":"wp","href":"https:\/\/api.w.org\/{rel}","templated":true}]}}