{"id":222,"date":"2026-05-03T18:19:14","date_gmt":"2026-05-03T18:19:14","guid":{"rendered":"https:\/\/wifigiadinh.com\/?post_type=product&#038;p=222"},"modified":"2026-05-03T18:19:17","modified_gmt":"2026-05-03T18:19:17","slug":"home-giai-tri-2","status":"publish","type":"product","link":"https:\/\/wifigiadinh.com\/index.php\/san-pham\/home-giai-tri-2\/","title":{"rendered":"HOME GI\u1ea2I TR\u00cd 2"},"content":{"rendered":"","protected":false},"excerpt":{"rendered":"<ul>\n<li>Internet\u00a0<strong>30<\/strong><strong>0 Mbps<\/strong><\/li>\n<li>Mi\u1ec5n ph\u00ed 01 thi\u1ebft b\u1ecb\u00a0<strong>Wifi Mesh 5<\/strong><\/li>\n<li>\u01afu \u0111\u00e3i nh\u00f3m: mi\u1ec5n ph\u00ed\u00a0<strong>1000p<\/strong>\u00a0g\u1ecdi n\u1ed9i nh\u00f3m<\/li>\n<li>\u01afu \u0111\u00e3i ch\u1ee7 nh\u00f3m:<\/li>\n<li>Mi\u1ec5n ph\u00ed\u00a0<strong>30GB<\/strong>\u00a0Data<\/li>\n<li>Mi\u1ec5n ph\u00ed\u00a0<strong>1000p<\/strong>\u00a0g\u1ecdi n\u1ed9i m\u1ea1ng<\/li>\n<li><strong>180 k\u00eanh<\/strong>\u00a0truy\u1ec1n h\u00ecnh\u00a0<strong>MyTV<\/strong><\/li>\n<li>S\u1eed d\u1ee5ng \u0111\u01b0\u1eddng truy\u1ec1n t\u1ed1c \u0111\u1ed9 cao 300MB v\u00e0 Data truy c\u1eadp \u1ee9ng d\u1ee5ng MyTV, Nhaccuatui, GalaxyPlay<\/li>\n<\/ul>\n","protected":false},"featured_media":224,"comment_status":"open","ping_status":"closed","template":"","meta":[],"product_brand":[],"product_cat":[25,24],"product_tag":[],"class_list":{"0":"post-222","1":"product","2":"type-product","3":"status-publish","4":"has-post-thumbnail","6":"product_cat-home-combo","7":"product_cat-internet-truyen-hinh","9":"first","10":"instock","11":"shipping-taxable","12":"purchasable","13":"product-type-simple"},"_links":{"self":[{"href":"https:\/\/wifigiadinh.com\/index.php\/wp-json\/wp\/v2\/product\/222","targetHints":{"allow":["GET"]}}],"collection":[{"href":"https:\/\/wifigiadinh.com\/index.php\/wp-json\/wp\/v2\/product"}],"about":[{"href":"https:\/\/wifigiadinh.com\/index.php\/wp-json\/wp\/v2\/types\/product"}],"replies":[{"embeddable":true,"href":"https:\/\/wifigiadinh.com\/index.php\/wp-json\/wp\/v2\/comments?post=222"}],"wp:featuredmedia":[{"embeddable":true,"href":"https:\/\/wifigiadinh.com\/index.php\/wp-json\/wp\/v2\/media\/224"}],"wp:attachment":[{"href":"https:\/\/wifigiadinh.com\/index.php\/wp-json\/wp\/v2\/media?parent=222"}],"wp:term":[{"taxonomy":"product_brand","embeddable":true,"href":"https:\/\/wifigiadinh.com\/index.php\/wp-json\/wp\/v2\/product_brand?post=222"},{"taxonomy":"product_cat","embeddable":true,"href":"https:\/\/wifigiadinh.com\/index.php\/wp-json\/wp\/v2\/product_cat?post=222"},{"taxonomy":"product_tag","embeddable":true,"href":"https:\/\/wifigiadinh.com\/index.php\/wp-json\/wp\/v2\/product_tag?post=222"}],"curies":[{"name":"wp","href":"https:\/\/api.w.org\/{rel}","templated":true}]}}