{"id":225,"date":"2026-05-03T18:19:59","date_gmt":"2026-05-03T18:19:59","guid":{"rendered":"https:\/\/wifigiadinh.com\/?post_type=product&#038;p=225"},"modified":"2026-05-03T18:20:02","modified_gmt":"2026-05-03T18:20:02","slug":"home-the-thao-2","status":"publish","type":"product","link":"https:\/\/wifigiadinh.com\/index.php\/san-pham\/home-the-thao-2\/","title":{"rendered":"HOME TH\u1ec2 THAO 2"},"content":{"rendered":"","protected":false},"excerpt":{"rendered":"<ul>\n<li>Internet\u00a0<strong>30<\/strong><strong>0 Mbps<\/strong><\/li>\n<li>Mi\u1ec5n ph\u00ed 01 thi\u1ebft b\u1ecb\u00a0<strong>Wifi Mesh 5<\/strong><\/li>\n<li>Mi\u1ec5n ph\u00ed\u00a0<strong>30GB<\/strong>\u00a0Data chia s\u1ebb nh\u00f3m<\/li>\n<li>Mi\u1ec5n ph\u00ed\u00a0<strong>1000p<\/strong>\u00a0g\u1ecdi n\u1ed9i m\u1ea1ng<\/li>\n<li><strong>180 k\u00eanh<\/strong>\u00a0truy\u1ec1n h\u00ecnh MyTV, ch\u00f9m k\u00eanh\u00a0<strong>K+, MyTV Net\u2026<\/strong><\/li>\n<li>Nh\u00f3m t\u1ed1i \u0111a 5 th\u00e0nh vi\u00ean (bao g\u1ed3m ch\u1ee7 nh\u00f3m)<\/li>\n<\/ul>\n","protected":false},"featured_media":226,"comment_status":"open","ping_status":"closed","template":"","meta":[],"product_brand":[],"product_cat":[25,24],"product_tag":[],"class_list":{"0":"post-225","1":"product","2":"type-product","3":"status-publish","4":"has-post-thumbnail","6":"product_cat-home-combo","7":"product_cat-internet-truyen-hinh","9":"first","10":"instock","11":"shipping-taxable","12":"purchasable","13":"product-type-simple"},"_links":{"self":[{"href":"https:\/\/wifigiadinh.com\/index.php\/wp-json\/wp\/v2\/product\/225","targetHints":{"allow":["GET"]}}],"collection":[{"href":"https:\/\/wifigiadinh.com\/index.php\/wp-json\/wp\/v2\/product"}],"about":[{"href":"https:\/\/wifigiadinh.com\/index.php\/wp-json\/wp\/v2\/types\/product"}],"replies":[{"embeddable":true,"href":"https:\/\/wifigiadinh.com\/index.php\/wp-json\/wp\/v2\/comments?post=225"}],"wp:featuredmedia":[{"embeddable":true,"href":"https:\/\/wifigiadinh.com\/index.php\/wp-json\/wp\/v2\/media\/226"}],"wp:attachment":[{"href":"https:\/\/wifigiadinh.com\/index.php\/wp-json\/wp\/v2\/media?parent=225"}],"wp:term":[{"taxonomy":"product_brand","embeddable":true,"href":"https:\/\/wifigiadinh.com\/index.php\/wp-json\/wp\/v2\/product_brand?post=225"},{"taxonomy":"product_cat","embeddable":true,"href":"https:\/\/wifigiadinh.com\/index.php\/wp-json\/wp\/v2\/product_cat?post=225"},{"taxonomy":"product_tag","embeddable":true,"href":"https:\/\/wifigiadinh.com\/index.php\/wp-json\/wp\/v2\/product_tag?post=225"}],"curies":[{"name":"wp","href":"https:\/\/api.w.org\/{rel}","templated":true}]}}